{"id":74739,"date":"2025-11-20T16:12:54","date_gmt":"2025-11-20T15:12:54","guid":{"rendered":"https:\/\/gestach.34-22-244-215.plesk.page\/ueber-uns\/"},"modified":"2026-04-21T10:44:09","modified_gmt":"2026-04-21T08:44:09","slug":"a-propos-de-nous","status":"publish","type":"page","link":"https:\/\/gestach.ch\/fr\/a-propos-de-nous\/","title":{"rendered":"\u00c0 propos de nous"},"content":{"rendered":"<p>[et_pb_section fb_built=\u00a0\u00bb1&Prime; custom_padding_last_edited=\u00a0\u00bboff|desktop\u00a0\u00bb _builder_version=\u00a0\u00bb4.27.5&Prime; _module_preset=\u00a0\u00bbdefault\u00a0\u00bb use_background_color_gradient=\u00a0\u00bbon\u00a0\u00bb background_color_gradient_direction=\u00a0\u00bb0deg\u00a0\u00bb background_color_gradient_stops=\u00a0\u00bbrgba(0,0,0,0.75) 0%|rgba(255,255,255,0) 100%\u00a0\u00bb background_color_gradient_overlays_image=\u00a0\u00bbon\u00a0\u00bb background_image=\u00a0\u00bbhttps:\/\/gestach.ch\/wp-content\/uploads\/ueber-uns.avif\u00a0\u00bb background_position=\u00a0\u00bbtop_center\u00a0\u00bb background_vertical_offset=\u00a0\u00bb20%\u00a0\u00bb custom_margin=\u00a0\u00bb0px||0px||false|false\u00a0\u00bb custom_padding=\u00a0\u00bb0px||0px||false|false\u00a0\u00bb custom_padding_tablet=\u00a0\u00bb95px||229px||false|false\u00a0\u00bb custom_padding_phone=\u00a0\u00bb90px||226px||false|false\u00a0\u00bb box_shadow_vertical_tablet=\u00a0\u00bb0px\u00a0\u00bb box_shadow_vertical_phone=\u00a0\u00bb0px\u00a0\u00bb box_shadow_vertical_last_edited=\u00a0\u00bbon|phone\u00a0\u00bb global_colors_info=\u00a0\u00bb{}\u00a0\u00bb][et_pb_row custom_padding_last_edited=\u00a0\u00bbon|desktop\u00a0\u00bb _builder_version=\u00a0\u00bb4.27.5&Prime; _module_preset=\u00a0\u00bbdefault\u00a0\u00bb positioning=\u00a0\u00bbnone\u00a0\u00bb width=\u00a0\u00bb85%\u00a0\u00bb max_width=\u00a0\u00bb870px\u00a0\u00bb module_alignment=\u00a0\u00bbcenter\u00a0\u00bb custom_margin=\u00a0\u00bb0px|auto|0px|0px|false|false\u00a0\u00bb custom_padding=\u00a0\u00bb300px||200px||false|false\u00a0\u00bb custom_padding_tablet=\u00a0\u00bb200px||120px||false|false\u00a0\u00bb custom_padding_phone=\u00a0\u00bb180px||100px||false|false\u00a0\u00bb custom_css_main_element=\u00a0\u00bbmargin-bottom: 0 !important;\u00a0\u00bb global_colors_info=\u00a0\u00bb{}\u00a0\u00bb][et_pb_column type=\u00a0\u00bb4_4&Prime; _builder_version=\u00a0\u00bb4.27.5&Prime; _module_preset=\u00a0\u00bbdefault\u00a0\u00bb positioning=\u00a0\u00bbnone\u00a0\u00bb global_colors_info=\u00a0\u00bb{}\u00a0\u00bb][et_pb_text _builder_version=\u00a0\u00bb4.27.6&Prime; _module_preset=\u00a0\u00bbdefault\u00a0\u00bb header_font=\u00a0\u00bb|800|||||||\u00a0\u00bb header_text_align=\u00a0\u00bbcenter\u00a0\u00bb header_text_color=\u00a0\u00bb#FFFFFF\u00a0\u00bb header_font_size=\u00a0\u00bb72px\u00a0\u00bb header_line_height=\u00a0\u00bb1.2em\u00a0\u00bb custom_margin=\u00a0\u00bb0px||0px||true|false\u00a0\u00bb custom_padding=\u00a0\u00bb0px||0px||false|false\u00a0\u00bb header_text_align_tablet=\u00a0\u00bbleft\u00a0\u00bb header_text_align_phone=\u00a0\u00bbleft\u00a0\u00bb header_text_align_last_edited=\u00a0\u00bbon|phone\u00a0\u00bb header_font_size_tablet=\u00a0\u00bb52px\u00a0\u00bb header_font_size_phone=\u00a0\u00bb32px\u00a0\u00bb header_font_size_last_edited=\u00a0\u00bbon|phone\u00a0\u00bb global_colors_info=\u00a0\u00bb{}\u00a0\u00bb]<\/p>\n<h1>\u00c0 propos de nous<\/h1>\n<p>[\/et_pb_text][et_pb_text disabled_on=\u00a0\u00bboff|off|off\u00a0\u00bb _builder_version=\u00a0\u00bb4.27.6&Prime; _module_preset=\u00a0\u00bbdefault\u00a0\u00bb text_font=\u00a0\u00bb|600|||||||\u00a0\u00bb text_text_color=\u00a0\u00bb#FFFFFF\u00a0\u00bb text_font_size=\u00a0\u00bb24px\u00a0\u00bb text_line_height=\u00a0\u00bb1em\u00a0\u00bb text_orientation=\u00a0\u00bbcenter\u00a0\u00bb custom_margin=\u00a0\u00bb0px||0px||false|false\u00a0\u00bb custom_margin_tablet=\u00a0\u00bb0px||56px||false|false\u00a0\u00bb custom_margin_phone=\u00a0\u00bb0px||39px||false|false\u00a0\u00bb custom_margin_last_edited=\u00a0\u00bboff|desktop\u00a0\u00bb custom_padding=\u00a0\u00bb0px||0px||false|false\u00a0\u00bb text_font_size_tablet=\u00a0\u00bb22px\u00a0\u00bb text_font_size_phone=\u00a0\u00bb20px\u00a0\u00bb text_font_size_last_edited=\u00a0\u00bbon|phone\u00a0\u00bb text_orientation_tablet=\u00a0\u00bbleft\u00a0\u00bb text_orientation_phone=\u00a0\u00bbleft\u00a0\u00bb text_orientation_last_edited=\u00a0\u00bbon|desktop\u00a0\u00bb global_colors_info=\u00a0\u00bb{}\u00a0\u00bb]<\/p>\n<p>Gestach Zahn\u00e4rzte AG<\/p>\n<p>[\/et_pb_text][et_pb_image src=\u00a0\u00bbhttps:\/\/gestach.ch\/wp-content\/uploads\/nicolas-gestach.avif\u00a0\u00bb title_text=\u00a0\u00bbnicolas-gestach\u00a0\u00bb disabled_on=\u00a0\u00bbon|on|off\u00a0\u00bb module_class=\u00a0\u00bbmyls-fixed-left-image\u00a0\u00bb _builder_version=\u00a0\u00bb4.27.6&Prime; _module_preset=\u00a0\u00bbdefault\u00a0\u00bb positioning=\u00a0\u00bbfixed\u00a0\u00bb position_origin_a=\u00a0\u00bbbottom_left\u00a0\u00bb position_origin_f=\u00a0\u00bbbottom_left\u00a0\u00bb z_index=\u00a0\u00bb10&Prime; custom_margin=\u00a0\u00bb0px||0px||false|false\u00a0\u00bb scroll_horizontal_motion=\u00a0\u00bb0|99|99|100|0|0|-4&Prime; motion_trigger_start=\u00a0\u00bbbottom\u00a0\u00bb global_colors_info=\u00a0\u00bb{}\u00a0\u00bb][\/et_pb_image][et_pb_image src=\u00a0\u00bbhttps:\/\/gestach.ch\/wp-content\/uploads\/noah-gestach.avif\u00a0\u00bb title_text=\u00a0\u00bbnoah-gestach\u00a0\u00bb align=\u00a0\u00bbright\u00a0\u00bb disabled_on=\u00a0\u00bbon|on|off\u00a0\u00bb module_class=\u00a0\u00bbmyls-fixed-right-image\u00a0\u00bb _builder_version=\u00a0\u00bb4.27.6&Prime; _module_preset=\u00a0\u00bbdefault\u00a0\u00bb positioning=\u00a0\u00bbfixed\u00a0\u00bb position_origin_a=\u00a0\u00bbbottom_right\u00a0\u00bb position_origin_f=\u00a0\u00bbbottom_right\u00a0\u00bb z_index=\u00a0\u00bb10&Prime; custom_margin=\u00a0\u00bb0px||0px||false|false\u00a0\u00bb scroll_horizontal_motion=\u00a0\u00bb0|99|99|100|0|0|4&Prime; global_colors_info=\u00a0\u00bb{}\u00a0\u00bb][\/et_pb_image][\/et_pb_column][\/et_pb_row][\/et_pb_section][et_pb_section fb_built=\u00a0\u00bb1&Prime; custom_padding_last_edited=\u00a0\u00bbon|phone\u00a0\u00bb _builder_version=\u00a0\u00bb4.27.6&Prime; _module_preset=\u00a0\u00bbdefault\u00a0\u00bb background_color=\u00a0\u00bb#FFFFFF\u00a0\u00bb custom_margin=\u00a0\u00bb0px||0px||false|false\u00a0\u00bb custom_padding=\u00a0\u00bb140px||140px||true|false\u00a0\u00bb custom_padding_tablet=\u00a0\u00bb100px||100px||true|false\u00a0\u00bb custom_padding_phone=\u00a0\u00bb60px||60px||true|false\u00a0\u00bb global_colors_info=\u00a0\u00bb{}\u00a0\u00bb][et_pb_row _builder_version=\u00a0\u00bb4.27.4&Prime; _module_preset=\u00a0\u00bbdefault\u00a0\u00bb width=\u00a0\u00bb85%\u00a0\u00bb max_width=\u00a0\u00bb1440px\u00a0\u00bb custom_padding=\u00a0\u00bb0px||0px|||\u00a0\u00bb global_colors_info=\u00a0\u00bb{}\u00a0\u00bb][et_pb_column type=\u00a0\u00bb4_4&Prime; _builder_version=\u00a0\u00bb4.27.4&Prime; _module_preset=\u00a0\u00bbdefault\u00a0\u00bb global_colors_info=\u00a0\u00bb{}\u00a0\u00bb][et_pb_text _builder_version=\u00a0\u00bb4.27.6&Prime; _module_preset=\u00a0\u00bbdefault\u00a0\u00bb header_2_font=\u00a0\u00bb|700|||||||\u00a0\u00bb header_2_text_align=\u00a0\u00bbcenter\u00a0\u00bb header_2_text_color=\u00a0\u00bb#000000&Prime; header_2_font_size=\u00a0\u00bb42px\u00a0\u00bb header_2_line_height=\u00a0\u00bb1.2em\u00a0\u00bb max_width_tablet=\u00a0\u00bb100%\u00a0\u00bb max_width_phone=\u00a0\u00bb100%\u00a0\u00bb max_width_last_edited=\u00a0\u00bboff|desktop\u00a0\u00bb custom_margin=\u00a0\u00bb||30px||false|false\u00a0\u00bb custom_margin_tablet=\u00a0\u00bb||20px||false|false\u00a0\u00bb custom_margin_phone=\u00a0\u00bb||20px||false|false\u00a0\u00bb custom_margin_last_edited=\u00a0\u00bbon|phone\u00a0\u00bb custom_padding=\u00a0\u00bb0px||0px||false|false\u00a0\u00bb header_2_text_align_tablet=\u00a0\u00bbleft\u00a0\u00bb header_2_text_align_phone=\u00a0\u00bbleft\u00a0\u00bb header_2_text_align_last_edited=\u00a0\u00bbon|phone\u00a0\u00bb header_2_font_size_tablet=\u00a0\u00bb34px\u00a0\u00bb header_2_font_size_phone=\u00a0\u00bb26px\u00a0\u00bb header_2_font_size_last_edited=\u00a0\u00bbon|tablet\u00a0\u00bb global_colors_info=\u00a0\u00bb{}\u00a0\u00bb]<\/p>\n<h2>Historique de l&rsquo;entreprise<\/h2>\n<p>[\/et_pb_text][dsm_content_timeline dsm_responsive_style=\u00a0\u00bbselect\u00a0\u00bb dsm_tree_animation=\u00a0\u00bbon\u00a0\u00bb dsm_fill_animation_speed=\u00a0\u00bb500&Prime; dsm_bg_color=\u00a0\u00bb#F6F6F6&Prime; dsm_pointer_bg_color=\u00a0\u00bb#203240&Prime; dsm_pointer_active_bg_color=\u00a0\u00bb#6AA8DC\u00a0\u00bb dsm_pointer_active_icon_color=\u00a0\u00bb#FFFFFF\u00a0\u00bb dsm_pointer_icon_font_size=\u00a0\u00bb16px\u00a0\u00bb dsm_tree_bg_color=\u00a0\u00bb#203240&Prime; dsm_tree_active_bg_color=\u00a0\u00bb#6AA8DC\u00a0\u00bb dsm_icon_font_size=\u00a0\u00bb20px\u00a0\u00bb dsm_opposite_bg_color=\u00a0\u00bbRGBA(255,255,255,0)\u00a0\u00bb dsm_opposite_content_width=\u00a0\u00bb12%\u00a0\u00bb dsm_opposite_padding=\u00a0\u00bb||||false|true\u00a0\u00bb dsm_card_margin=\u00a0\u00bb||20px||false|false\u00a0\u00bb dsm_card_padding=\u00a0\u00bb20px|30px|20px|30px|true|true\u00a0\u00bb admin_label=\u00a0\u00bbTimeline\u00a0\u00bb _builder_version=\u00a0\u00bb4.27.6&Prime; _module_preset=\u00a0\u00bbdefault\u00a0\u00bb header_level=\u00a0\u00bbh3&Prime; header_text_align=\u00a0\u00bbleft\u00a0\u00bb header_text_color=\u00a0\u00bb#203240&Prime; header_font_size=\u00a0\u00bb20px\u00a0\u00bb header_line_height=\u00a0\u00bb1.2em\u00a0\u00bb content_text_color=\u00a0\u00bb#272727&Prime; content_font_size=\u00a0\u00bb18px\u00a0\u00bb content_line_height=\u00a0\u00bb1.6em\u00a0\u00bb opposite_text_font=\u00a0\u00bb|700|||||||\u00a0\u00bb opposite_text_text_align=\u00a0\u00bbleft\u00a0\u00bb opposite_text_text_color=\u00a0\u00bb#203240&Prime; width=\u00a0\u00bb80%\u00a0\u00bb width_tablet=\u00a0\u00bb100%\u00a0\u00bb width_phone=\u00a0\u00bb100%\u00a0\u00bb width_last_edited=\u00a0\u00bbon|phone\u00a0\u00bb module_alignment=\u00a0\u00bbcenter\u00a0\u00bb hover_enabled=\u00a0\u00bb0&Prime; header_font_size_tablet=\u00a0\u00bb19px\u00a0\u00bb header_font_size_phone=\u00a0\u00bb18px\u00a0\u00bb header_font_size_last_edited=\u00a0\u00bbon|desktop\u00a0\u00bb border_radii_opposite_border=\u00a0\u00bbon|20px|20px|20px|20px\u00a0\u00bb border_radii_card_border=\u00a0\u00bbon|20px|20px|20px|20px\u00a0\u00bb global_colors_info=\u00a0\u00bb{}\u00a0\u00bb sticky_enabled=\u00a0\u00bb0&Prime;][dsm_content_timeline_child dsm_use_icon_image=\u00a0\u00bboff\u00a0\u00bb dsm_title=\u00a0\u00bbCr\u00e9ation du cabinet\u00a0\u00bb dsm_content=\u00a0\u00bb<\/p>\n<p>Le cabinet dentaire Gestach a \u00e9t\u00e9 ouvert le 1er novembre 1991 par Alex et Karin Gestach \u00e0 la Rue de Nidau.<\/p>\n<p>\u00a0\u00bb dsm_use_pointer_element=\u00a0\u00bbon\u00a0\u00bb dsm_point_font_icon=\u00a0\u00bb&#x5c;||divi||400&Prime; dsm_opposite_text=\u00a0\u00bb1991&Prime; _builder_version=\u00a0\u00bb4.27.6&Prime; _module_preset=\u00a0\u00bbdefault\u00a0\u00bb hover_enabled=\u00a0\u00bb0&Prime; global_colors_info=\u00a0\u00bb{}\u00a0\u00bb sticky_enabled=\u00a0\u00bb0&Prime;][\/dsm_content_timeline_child][dsm_content_timeline_child dsm_use_icon_image=\u00a0\u00bboff\u00a0\u00bb dsm_title=\u00a0\u00bbD\u00e9m\u00e9nagement \u00e0 la Rue de la Flore\u00a0\u00bb dsm_content=\u00a0\u00bb<\/p>\n<p>Sept ans plus tard, le cabinet a d\u00e9m\u00e9nag\u00e9 dans la Florastrasse.<\/p>\n<p>\u00a0\u00bb dsm_use_pointer_element=\u00a0\u00bbon\u00a0\u00bb dsm_point_font_icon=\u00a0\u00bb&#x5c;||divi||400&Prime; dsm_opposite_text=\u00a0\u00bb1998&Prime; _builder_version=\u00a0\u00bb4.27.6&Prime; _module_preset=\u00a0\u00bbdefault\u00a0\u00bb hover_enabled=\u00a0\u00bb0&Prime; global_colors_info=\u00a0\u00bb{}\u00a0\u00bb sticky_enabled=\u00a0\u00bb0&Prime;][\/dsm_content_timeline_child][dsm_content_timeline_child dsm_use_icon_image=\u00a0\u00bboff\u00a0\u00bb dsm_title=\u00a0\u00bbInt\u00e9gration de l&rsquo;orthodontie\u00a0\u00bb dsm_content=\u00a0\u00bb<\/p>\n<p>C&rsquo;est avec l&rsquo;apparition de l&rsquo;orthodontie qu&rsquo;a commenc\u00e9 la prise en charge cibl\u00e9e des malpositions dentaires et maxillaires.<\/p>\n<p>\u00a0\u00bb dsm_use_pointer_element=\u00a0\u00bbon\u00a0\u00bb dsm_point_font_icon=\u00a0\u00bb&#x5c;||divi||400&Prime; dsm_opposite_text=\u00a0\u00bb2006&Prime; _builder_version=\u00a0\u00bb4.27.6&Prime; _module_preset=\u00a0\u00bbdefault\u00a0\u00bb global_colors_info=\u00a0\u00bb{}\u00a0\u00bb][\/dsm_content_timeline_child][dsm_content_timeline_child dsm_use_icon_image=\u00a0\u00bboff\u00a0\u00bb dsm_title=\u00a0\u00bbTransmission d&rsquo;un cabinet\u00a0\u00bb dsm_content=\u00a0\u00bb<\/p>\n<p>Depuis 2024, Nicolas et Noah Gestach assurent la rel\u00e8ve de la deuxi\u00e8me g\u00e9n\u00e9ration \u2013 ce qui garantit la prise en charge \u00e0 long terme de nos patients de longue date.<\/p>\n<p>\u00a0\u00bb dsm_use_pointer_element=\u00a0\u00bbon\u00a0\u00bb dsm_point_font_icon=\u00a0\u00bb&#x5c;||divi||400&Prime; dsm_opposite_text=\u00a0\u00bb2024&Prime; _builder_version=\u00a0\u00bb4.27.6&Prime; _module_preset=\u00a0\u00bbdefault\u00a0\u00bb global_colors_info=\u00a0\u00bb{}\u00a0\u00bb][\/dsm_content_timeline_child][dsm_content_timeline_child dsm_use_icon_image=\u00a0\u00bboff\u00a0\u00bb dsm_title=\u00a0\u00bbAgrandissement du cabinet\u00a0\u00bb dsm_content=\u00a0\u00bb<\/p>\n<p>Dans le cadre d&rsquo;importants travaux de r\u00e9novation, le cabinet a \u00e9t\u00e9 agrandi et r\u00e9nov\u00e9.<\/p>\n<p>\u00a0\u00bb dsm_use_pointer_element=\u00a0\u00bbon\u00a0\u00bb dsm_point_font_icon=\u00a0\u00bb&#x5c;||divi||400&Prime; dsm_opposite_text=\u00a0\u00bb2025&Prime; _builder_version=\u00a0\u00bb4.27.6&Prime; _module_preset=\u00a0\u00bbdefault\u00a0\u00bb global_colors_info=\u00a0\u00bb{}\u00a0\u00bb][\/dsm_content_timeline_child][\/dsm_content_timeline][\/et_pb_column][\/et_pb_row][\/et_pb_section][et_pb_section fb_built=\u00a0\u00bb1&Prime; custom_padding_last_edited=\u00a0\u00bbon|phone\u00a0\u00bb module_id=\u00a0\u00bbteam\u00a0\u00bb _builder_version=\u00a0\u00bb4.27.6&Prime; _module_preset=\u00a0\u00bbdefault\u00a0\u00bb background_color=\u00a0\u00bb#F6F6F6&Prime; custom_margin=\u00a0\u00bb0px||0px||false|false\u00a0\u00bb custom_padding=\u00a0\u00bb140px||140px||true|false\u00a0\u00bb custom_padding_tablet=\u00a0\u00bb100px||100px||true|false\u00a0\u00bb custom_padding_phone=\u00a0\u00bb60px||60px||true|false\u00a0\u00bb global_colors_info=\u00a0\u00bb{}\u00a0\u00bb][et_pb_row _builder_version=\u00a0\u00bb4.27.4&Prime; _module_preset=\u00a0\u00bbdefault\u00a0\u00bb width=\u00a0\u00bb85%\u00a0\u00bb max_width=\u00a0\u00bb1440px\u00a0\u00bb custom_margin=\u00a0\u00bb0px||30px||false|false\u00a0\u00bb custom_margin_tablet=\u00a0\u00bb||25px||false|false\u00a0\u00bb custom_margin_phone=\u00a0\u00bb||20px||false|false\u00a0\u00bb custom_margin_last_edited=\u00a0\u00bbon|phone\u00a0\u00bb custom_padding=\u00a0\u00bb0px||0px||false|false\u00a0\u00bb animation_style=\u00a0\u00bbslide\u00a0\u00bb animation_direction=\u00a0\u00bbbottom\u00a0\u00bb animation_duration=\u00a0\u00bb800ms\u00a0\u00bb animation_intensity_slide=\u00a0\u00bb5%\u00a0\u00bb global_colors_info=\u00a0\u00bb{}\u00a0\u00bb][et_pb_column type=\u00a0\u00bb4_4&Prime; _builder_version=\u00a0\u00bb4.17.4&Prime; _module_preset=\u00a0\u00bbdefault\u00a0\u00bb global_colors_info=\u00a0\u00bb{}\u00a0\u00bb][et_pb_text _builder_version=\u00a0\u00bb4.27.6&Prime; _module_preset=\u00a0\u00bbdefault\u00a0\u00bb header_2_font=\u00a0\u00bb|700|||||||\u00a0\u00bb header_2_text_align=\u00a0\u00bbcenter\u00a0\u00bb header_2_text_color=\u00a0\u00bb#000000&Prime; header_2_font_size=\u00a0\u00bb42px\u00a0\u00bb header_2_line_height=\u00a0\u00bb1.2em\u00a0\u00bb max_width_tablet=\u00a0\u00bb100%\u00a0\u00bb max_width_phone=\u00a0\u00bb100%\u00a0\u00bb max_width_last_edited=\u00a0\u00bbon|tablet\u00a0\u00bb custom_margin=\u00a0\u00bb0px||0px||false|false\u00a0\u00bb custom_padding=\u00a0\u00bb0px||0px||false|false\u00a0\u00bb header_2_text_align_tablet=\u00a0\u00bbleft\u00a0\u00bb header_2_text_align_phone=\u00a0\u00bbleft\u00a0\u00bb header_2_text_align_last_edited=\u00a0\u00bbon|desktop\u00a0\u00bb header_2_font_size_tablet=\u00a0\u00bb34px\u00a0\u00bb header_2_font_size_phone=\u00a0\u00bb26px\u00a0\u00bb header_2_font_size_last_edited=\u00a0\u00bbon|phone\u00a0\u00bb global_colors_info=\u00a0\u00bb{}\u00a0\u00bb]<\/p>\n<h2>\u00c9quipe du cabinet<\/h2>\n<p>[\/et_pb_text][\/et_pb_column][\/et_pb_row][et_pb_row _builder_version=\u00a0\u00bb4.27.4&Prime; _module_preset=\u00a0\u00bbdefault\u00a0\u00bb width=\u00a0\u00bb85%\u00a0\u00bb max_width=\u00a0\u00bb1440px\u00a0\u00bb custom_padding=\u00a0\u00bb0px||0px|||\u00a0\u00bb global_colors_info=\u00a0\u00bb{}\u00a0\u00bb][et_pb_column type=\u00a0\u00bb4_4&Prime; _builder_version=\u00a0\u00bb4.27.4&Prime; _module_preset=\u00a0\u00bbdefault\u00a0\u00bb global_colors_info=\u00a0\u00bb{}\u00a0\u00bb][dsm_advanced_tabs dsm_tabs_gap=\u00a0\u00bb15px\u00a0\u00bb dsm_tabs_bg_color=\u00a0\u00bb#FFFFFF\u00a0\u00bb dsm_tabs_active_bg_color=\u00a0\u00bb#6AA8DC\u00a0\u00bb dsm_tabs_text_color=\u00a0\u00bb#203240&Prime; dsm_tabs_active_text_color=\u00a0\u00bb#FFFFFF\u00a0\u00bb dsm_content_bg_color=\u00a0\u00bbRGBA(255,255,255,0)\u00a0\u00bb dsm_content_margin=\u00a0\u00bb50px||||false|false\u00a0\u00bb dsm_content_padding=\u00a0\u00bb0px|0px|0px|0px|true|true\u00a0\u00bb dsm_tabs_wrapper_alignment=\u00a0\u00bbcenter\u00a0\u00bb dsm_content_margin_tablet=\u00a0\u00bb40px||||false|false\u00a0\u00bb dsm_content_margin_phone=\u00a0\u00bb30px||||false|false\u00a0\u00bb dsm_content_margin_last_edited=\u00a0\u00bbon|desktop\u00a0\u00bb admin_label=\u00a0\u00bbTabs (Team)\u00a0\u00bb _builder_version=\u00a0\u00bb4.27.6&Prime; _module_preset=\u00a0\u00bbdefault\u00a0\u00bb tab_title_font=\u00a0\u00bb|700||on|||||\u00a0\u00bb tab_title_font_size=\u00a0\u00bb16px\u00a0\u00bb tab_title_letter_spacing=\u00a0\u00bb1px\u00a0\u00bb content_title_text_align=\u00a0\u00bbcenter\u00a0\u00bb tab_content_text_text_align=\u00a0\u00bbcenter\u00a0\u00bb image_icon_custom_padding=\u00a0\u00bb15px|35px|15px|35px|true|true\u00a0\u00bb border_radii_dsm_tabs_border=\u00a0\u00bbon|100px|100px|100px|100px\u00a0\u00bb border_width_all_dsm_content_border=\u00a0\u00bb0px\u00a0\u00bb global_colors_info=\u00a0\u00bb{}\u00a0\u00bb][dsm_advanced_tabs_child dsm_title=\u00a0\u00bbTous\u00a0\u00bb dsm_content_type=\u00a0\u00bblibrary\u00a0\u00bb dsm_content_library_layout=\u00a0\u00bb74779&Prime; _builder_version=\u00a0\u00bb4.27.6&Prime; _module_preset=\u00a0\u00bbdefault\u00a0\u00bb global_colors_info=\u00a0\u00bb{}\u00a0\u00bb][\/dsm_advanced_tabs_child][dsm_advanced_tabs_child dsm_title=\u00a0\u00bbDentistes\u00a0\u00bb dsm_content_type=\u00a0\u00bblibrary\u00a0\u00bb dsm_content_library_layout=\u00a0\u00bb74786&Prime; _builder_version=\u00a0\u00bb4.27.6&Prime; _module_preset=\u00a0\u00bbdefault\u00a0\u00bb global_colors_info=\u00a0\u00bb{}\u00a0\u00bb][\/dsm_advanced_tabs_child][dsm_advanced_tabs_child dsm_title=\u00a0\u00bbHygi\u00e9nistes dentaires\u00a0\u00bb dsm_content_type=\u00a0\u00bblibrary\u00a0\u00bb dsm_content_library_layout=\u00a0\u00bb74792&Prime; _builder_version=\u00a0\u00bb4.27.6&Prime; _module_preset=\u00a0\u00bbdefault\u00a0\u00bb global_colors_info=\u00a0\u00bb{}\u00a0\u00bb][\/dsm_advanced_tabs_child][dsm_advanced_tabs_child dsm_title=\u00a0\u00bbAssistantes dentaires\u00a0\u00bb dsm_content_type=\u00a0\u00bblibrary\u00a0\u00bb dsm_content_library_layout=\u00a0\u00bb74798&Prime; _builder_version=\u00a0\u00bb4.27.6&Prime; _module_preset=\u00a0\u00bbdefault\u00a0\u00bb global_colors_info=\u00a0\u00bb{}\u00a0\u00bb][\/dsm_advanced_tabs_child][\/dsm_advanced_tabs][\/et_pb_column][\/et_pb_row][\/et_pb_section][et_pb_section fb_built=\u00a0\u00bb1&Prime; _builder_version=\u00a0\u00bb4.17.4&Prime; _module_preset=\u00a0\u00bbdefault\u00a0\u00bb custom_margin=\u00a0\u00bb0px||0px||false|false\u00a0\u00bb custom_padding=\u00a0\u00bb0px||0px||false|false\u00a0\u00bb global_module=\u00a0\u00bb74809&Prime; global_colors_info=\u00a0\u00bb{}\u00a0\u00bb][et_pb_row _builder_version=\u00a0\u00bb4.27.4&Prime; _module_preset=\u00a0\u00bbdefault\u00a0\u00bb width=\u00a0\u00bb100%\u00a0\u00bb max_width=\u00a0\u00bb100%\u00a0\u00bb custom_padding=\u00a0\u00bb0px||0px|||\u00a0\u00bb global_colors_info=\u00a0\u00bb{}\u00a0\u00bb][et_pb_column type=\u00a0\u00bb4_4&Prime; _builder_version=\u00a0\u00bb4.27.4&Prime; _module_preset=\u00a0\u00bbdefault\u00a0\u00bb global_colors_info=\u00a0\u00bb{}\u00a0\u00bb][et_pb_image src=\u00a0\u00bbhttps:\/\/gestach.ch\/wp-content\/uploads\/team.avif\u00a0\u00bb title_text=\u00a0\u00bbteam\u00a0\u00bb force_fullwidth=\u00a0\u00bbon\u00a0\u00bb _builder_version=\u00a0\u00bb4.27.4&Prime; _module_preset=\u00a0\u00bbdefault\u00a0\u00bb global_colors_info=\u00a0\u00bb{}\u00a0\u00bb][\/et_pb_image][\/et_pb_column][\/et_pb_row][\/et_pb_section]<\/p>\n","protected":false},"excerpt":{"rendered":"<p>\u00c0 propos de nousGestach Zahn\u00e4rzte AGHistorique de l&rsquo;entreprise<div class=\"et_pb_module dsm_content_timeline dsm_content_timeline_0\">\n\t\t\t\t\n\t\t\t\t\n\t\t\t\t\n\t\t\t\t\n\t\t\t\t\n\t\t\t\t\n\t\t\t\t<div class=\"et_pb_module_inner\">\n\t\t\t\t\t<div class=\"dsm-content-timeline-items-wrapper dsm-center\" data-tree-animation=\"on\" data-tree-animation-tablet=\"\" data-tree-animation-phone=\"\" data-image_lightbox=\"off\">\n\t\t\t<div class=\"dsm-content-timeline-tree\">\n\t\t\t\t<div class=\"dsm-content-timeline-tree-progress\"><\/div>\n\t\t\t<\/div>\n\t\t   \n\t\t<\/div>\n\t\t\n\t\t\t\t<\/div>\n\t\t\t<\/div><div class=\"dsm-content-timeline-item-wrapper dsm_content_timeline_child_0\">\n\t\t\t\t<div class=\"dsm-content-timeline-date dsm-desktop\"><span class=\"date\">1991<\/span><\/div>\n\t\t\t\t<div class=\"dsm-content-timeline-content-wrapper dsm_wrapper_dsm_content_timeline_child_0 dsm-visibility\">   \t\t\n\t\t\t\t\t<div class=\"dsm-content-timeline-date dsm-mobile\"><span class=\"date\">1991<\/span><\/div>\n\t\t\t\t\t\n\t\t\t\t\t\n\t\t\t\t\t<div class=\"dsm-timeline-content\">\n\t\t\t\t\t\t<h3 class=\"dsm-title\">Cr\u00e9ation du cabinet<\/h3>\n\t\t\t\t\t\t<div class=\"dsm-description\">Le cabinet dentaire Gestach a \u00e9t\u00e9 ouvert le 1er novembre 1991 par Alex et Karin Gestach \u00e0 la Rue de Nidau.<\/div>\n\t\t\t\t\t\t\n\t\t\t\t\t\t\n\t\t\t\t\t<\/div>\t\n\t\t\t\t<\/div>\n\t\t\t\t<div class=\"dsm-pointer-wrapper\">\n\t\t\t\t\t<span class=\"dsm_icon\">\\<\/span>\n\t\t\t\t\t\n\t\t\t\t<\/div>\n\t\t\t<\/div><div class=\"dsm-content-timeline-item-wrapper dsm_content_timeline_child_1\">\n\t\t\t\t<div class=\"dsm-content-timeline-date dsm-desktop\"><span class=\"date\">1998<\/span><\/div>\n\t\t\t\t<div class=\"dsm-content-timeline-content-wrapper dsm_wrapper_dsm_content_timeline_child_1 dsm-visibility\">   \t\t\n\t\t\t\t\t<div class=\"dsm-content-timeline-date dsm-mobile\"><span class=\"date\">1998<\/span><\/div>\n\t\t\t\t\t\n\t\t\t\t\t\n\t\t\t\t\t<div class=\"dsm-timeline-content\">\n\t\t\t\t\t\t<h3 class=\"dsm-title\">D\u00e9m\u00e9nagement \u00e0 la Rue de la Flore<\/h3>\n\t\t\t\t\t\t<div class=\"dsm-description\">Sept ans plus tard, le cabinet a d\u00e9m\u00e9nag\u00e9 dans la Florastrasse.<\/div>\n\t\t\t\t\t\t\n\t\t\t\t\t\t\n\t\t\t\t\t<\/div>\t\n\t\t\t\t<\/div>\n\t\t\t\t<div class=\"dsm-pointer-wrapper\">\n\t\t\t\t\t<span class=\"dsm_icon\">\\<\/span>\n\t\t\t\t\t\n\t\t\t\t<\/div>\n\t\t\t<\/div><div class=\"dsm-content-timeline-item-wrapper dsm_content_timeline_child_2\">\n\t\t\t\t<div class=\"dsm-content-timeline-date dsm-desktop\"><span class=\"date\">2006<\/span><\/div>\n\t\t\t\t<div class=\"dsm-content-timeline-content-wrapper dsm_wrapper_dsm_content_timeline_child_2 dsm-visibility\">   \t\t\n\t\t\t\t\t<div class=\"dsm-content-timeline-date dsm-mobile\"><span class=\"date\">2006<\/span><\/div>\n\t\t\t\t\t\n\t\t\t\t\t\n\t\t\t\t\t<div class=\"dsm-timeline-content\">\n\t\t\t\t\t\t<h3 class=\"dsm-title\">Int\u00e9gration de l'orthodontie<\/h3>\n\t\t\t\t\t\t<div class=\"dsm-description\">C'est avec l'apparition de l'orthodontie qu'a commenc\u00e9 la prise en charge cibl\u00e9e des malpositions dentaires et maxillaires.<\/div>\n\t\t\t\t\t\t\n\t\t\t\t\t\t\n\t\t\t\t\t<\/div>\t\n\t\t\t\t<\/div>\n\t\t\t\t<div class=\"dsm-pointer-wrapper\">\n\t\t\t\t\t<span class=\"dsm_icon\">\\<\/span>\n\t\t\t\t\t\n\t\t\t\t<\/div>\n\t\t\t<\/div><div class=\"dsm-content-timeline-item-wrapper dsm_content_timeline_child_3\">\n\t\t\t\t<div class=\"dsm-content-timeline-date dsm-desktop\"><span class=\"date\">2024<\/span><\/div>\n\t\t\t\t<div class=\"dsm-content-timeline-content-wrapper dsm_wrapper_dsm_content_timeline_child_3 dsm-visibility\">   \t\t\n\t\t\t\t\t<div class=\"dsm-content-timeline-date dsm-mobile\"><span class=\"date\">2024<\/span><\/div>\n\t\t\t\t\t\n\t\t\t\t\t\n\t\t\t\t\t<div class=\"dsm-timeline-content\">\n\t\t\t\t\t\t<h3 class=\"dsm-title\">Transmission d'un cabinet<\/h3>\n\t\t\t\t\t\t<div class=\"dsm-description\">Depuis 2024, Nicolas et Noah Gestach assurent la rel\u00e8ve de la deuxi\u00e8me g\u00e9n\u00e9ration \u2013 ce qui garantit la prise en charge \u00e0 long terme de nos patients de longue date.<\/div>\n\t\t\t\t\t\t\n\t\t\t\t\t\t\n\t\t\t\t\t<\/div>\t\n\t\t\t\t<\/div>\n\t\t\t\t<div class=\"dsm-pointer-wrapper\">\n\t\t\t\t\t<span class=\"dsm_icon\">\\<\/span>\n\t\t\t\t\t\n\t\t\t\t<\/div>\n\t\t\t<\/div><div class=\"dsm-content-timeline-item-wrapper dsm_content_timeline_child_4\">\n\t\t\t\t<div class=\"dsm-content-timeline-date dsm-desktop\"><span class=\"date\">\u00bb2025&Prime;<\/span><\/div>\n\t\t\t\t<div class=\"dsm-content-timeline-content-wrapper dsm_wrapper_dsm_content_timeline_child_4 dsm-visibility\">   \t\t\n\t\t\t\t\t<div class=\"dsm-content-timeline-date dsm-mobile\"><span class=\"date\">\u00bb2025&Prime;<\/span><\/div>\n\t\t\t\t\t\n\t\t\t\t\t\n\t\t\t\t\t<div class=\"dsm-timeline-content\">\n\t\t\t\t\t\t<h3 class=\"dsm-title\">\u00bbAgrandissement<\/h3>\n\t\t\t\t\t\t<div class=\"dsm-description\">\u00bbDans<\/div>\n\t\t\t\t\t\t\n\t\t\t\t\t\t\n\t\t\t\t\t<\/div>\t\n\t\t\t\t<\/div>\n\t\t\t\t<div class=\"dsm-pointer-wrapper\">\n\t\t\t\t\t\n\t\t\t\t\t\n\t\t\t\t<\/div>\n\t\t\t<\/div><\/p>\n","protected":false},"author":1,"featured_media":0,"parent":0,"menu_order":0,"comment_status":"closed","ping_status":"closed","template":"","meta":{"_et_pb_use_builder":"on","_et_pb_old_content":"","_et_gb_content_width":"","footnotes":""},"class_list":["post-74739","page","type-page","status-publish","hentry"],"_links":{"self":[{"href":"https:\/\/gestach.ch\/fr\/wp-json\/wp\/v2\/pages\/74739","targetHints":{"allow":["GET"]}}],"collection":[{"href":"https:\/\/gestach.ch\/fr\/wp-json\/wp\/v2\/pages"}],"about":[{"href":"https:\/\/gestach.ch\/fr\/wp-json\/wp\/v2\/types\/page"}],"author":[{"embeddable":true,"href":"https:\/\/gestach.ch\/fr\/wp-json\/wp\/v2\/users\/1"}],"replies":[{"embeddable":true,"href":"https:\/\/gestach.ch\/fr\/wp-json\/wp\/v2\/comments?post=74739"}],"version-history":[{"count":0,"href":"https:\/\/gestach.ch\/fr\/wp-json\/wp\/v2\/pages\/74739\/revisions"}],"wp:attachment":[{"href":"https:\/\/gestach.ch\/fr\/wp-json\/wp\/v2\/media?parent=74739"}],"curies":[{"name":"wp","href":"https:\/\/api.w.org\/{rel}","templated":true}]}}